{"id":363,"date":"2023-04-13T16:18:52","date_gmt":"2023-04-13T14:18:52","guid":{"rendered":"https:\/\/teorema.mmkt.dev\/?page_id=363"},"modified":"2023-05-11T22:19:02","modified_gmt":"2023-05-11T20:19:02","slug":"politica-de-cookies","status":"publish","type":"page","link":"https:\/\/teoremalegal.com\/ca\/politica-de-cookies\/","title":{"rendered":"Pol\u00edtica de Cookies"},"content":{"rendered":"<style>.kb-row-layout-id_964a18-0e > .kt-row-column-wrap{align-content:start;}:where(.kb-row-layout-id_964a18-0e > .kt-row-column-wrap) > .wp-block-kadence-column{justify-content:start;}.kb-row-layout-id_964a18-0e > .kt-row-column-wrap{column-gap:var(--global-kb-gap-md, 2rem);row-gap:var(--global-kb-gap-md, 2rem);padding-top:var(--global-kb-spacing-xl, 4rem);padding-bottom:var(--global-kb-spacing-xl, 4rem);grid-template-columns:minmax(0, 1fr);}.kb-row-layout-id_964a18-0e > .kt-row-layout-overlay{opacity:0.30;}@media all and (max-width: 1024px){.kb-row-layout-id_964a18-0e > .kt-row-column-wrap{grid-template-columns:minmax(0, 1fr);}}@media all and (max-width: 767px){.kb-row-layout-id_964a18-0e > .kt-row-column-wrap{grid-template-columns:minmax(0, 1fr);}}<\/style><div class=\"kb-row-layout-wrap kb-row-layout-id_964a18-0e alignnone wp-block-kadence-rowlayout\"><div class=\"kt-row-column-wrap kt-has-1-columns kt-row-layout-equal kt-tab-layout-inherit kt-mobile-layout-row kt-row-valign-top\">\n<style>.kadence-column_8b9220-fb > .kt-inside-inner-col,.kadence-column_8b9220-fb > .kt-inside-inner-col:before{border-top-left-radius:0px;border-top-right-radius:0px;border-bottom-right-radius:0px;border-bottom-left-radius:0px;}.kadence-column_8b9220-fb > .kt-inside-inner-col:before{opacity:0.3;}.kadence-column_8b9220-fb{position:relative;}<\/style>\n<div class=\"wp-block-kadence-column kadence-column_8b9220-fb\"><div class=\"kt-inside-inner-col\">\n<p><strong>Qu\u00e8 s\u00f3n les cookies?<\/strong><\/p>\n\n\n\n<p>Una cookie \u00e9s un fitxer que es descarrega al seu ordinador en accedir a determinades p\u00e0gines web. Les cookies permeten a una p\u00e0gina web, entre altres coses, emmagatzemar i recuperar informaci\u00f3 sobre els h\u00e0bits de navegaci\u00f3 d&#8217;un usuari o del seu equip i, depenent de la informaci\u00f3 que continguin i de la forma en qu\u00e8 utilitzi el seu equip, poden utilitzar-se per recon\u00e8ixer l&#8217;usuari.<\/p>\n\n\n\n<p><strong>Quins tipus de cookies existeixen?<\/strong><\/p>\n\n\n\n<ul class=\"wp-block-list\">\n<li>Cookies pr\u00f2pies: S\u00f3n aquelles que s&#8217;envien a l&#8217;equip terminal de l&#8217;usuari des d&#8217;un equip o domini gestionat pel propi editor i des del qual es presta el servei sol\u00b7licitat per l&#8217;usuari.<\/li>\n\n\n\n<li>Cookies de tercer: S\u00f3n aquelles que s&#8217;envien a l&#8217;equip terminal de l&#8217;usuari des d&#8217;un equip o domini que no \u00e9s gestionat per l&#8217;editor, sin\u00f3 per una altra entitat que tracta les dades obtingudes a trav\u00e9s de les cookies.<\/li>\n\n\n\n<li>Cookies de sessi\u00f3: S\u00f3n un tipus de cookies dissenyades per recaptar i emmagatzemar dades mentre l&#8217;usuari accedeix a una p\u00e0gina web.<\/li>\n\n\n\n<li>Cookies persistents: S\u00f3n un tipus de cookies en qu\u00e8 les dades segueixen emmagatzemades al terminal i poden ser accedides i tractades durant un per\u00edode definit pel responsable de la cookie, i que pot anar d&#8217;uns minuts a diversos anys.<\/li>\n\n\n\n<li>Cookies d&#8217;an\u00e0lisi: S\u00f3n aquelles que ben tractades per nosaltres o per tercers, ens permeten quantificar el nombre d&#8217;usuaris i aix\u00ed realitzar el mesurament i an\u00e0lisi estad\u00edstica de la utilitzaci\u00f3 que fan els usuaris del servei ofert. Per a aix\u00f2 s&#8217;analitza la seva navegaci\u00f3 a la nostra p\u00e0gina web per tal de millorar l&#8217;oferta de productes o serveis que li oferim.<\/li>\n\n\n\n<li>Cookies publicit\u00e0ries: S\u00f3n aquelles que permeten la gesti\u00f3, de la forma m\u00e9s efica\u00e7 possible, dels espais publicitaris que, si s&#8217;escau, l&#8217;editor hagi incl\u00f2s en una p\u00e0gina web, aplicaci\u00f3 o plataforma des de la qual presta el servei sol\u00b7licitat en base a criteris com el contingut editat o la freq\u00fc\u00e8ncia en la qual es mostren els anuncis.<\/li>\n\n\n\n<li>Cookies de publicitat comportamental: S\u00f3n aquelles que permeten la gesti\u00f3, de la forma m\u00e9s efica\u00e7 possible, dels espais publicitaris que, si s&#8217;escau, l&#8217;editor hagi incl\u00f2s en una p\u00e0gina web, aplicaci\u00f3 o plataforma des de la qual presta el servei sol\u00b7licitat. Aquestes cookies emmagatzemen informaci\u00f3 del comportament dels usuaris obtinguda a trav\u00e9s de l&#8217;observaci\u00f3 continuada dels seus h\u00e0bits de navegaci\u00f3, la qual cosa permet desenvolupar un perfil espec\u00edfic per mostrar publicitat en funci\u00f3 del mateix.<\/li>\n<\/ul>\n\n\n\n<p>Aix\u00ed mateix \u00e9s possible que en visitar alguna pagina web o en obrir algun email on es publiqui algun anunci o alguna promoci\u00f3 sobre els nostres productes o serveis s&#8217;instal\u00b7li al teu navegador alguna cookie que ens serveix per mostrar-li posteriorment publicitat relacionada amb la recerca que hagi realitzat, desenvolupar un control dels nostres anuncis en relaci\u00f3,\u00a0 per exemple, amb el nombre de vegades que s\u00f3n vistos, on apareixen, a quina hora es veuen, etc.<\/p>\n\n\n\n<p><strong>Es necessita el meu consentiment per implantar l&#8217;\u00fas de cookies?<\/strong><\/p>\n\n\n\n<p>No es precisa el consentiment per a la instal\u00b7laci\u00f3 de cookies t\u00e8cniques o les que siguin estrictament necess\u00e0ries per a la prestaci\u00f3 d&#8217;un servei de la societat de la informaci\u00f3 expressament sol\u00b7licitat pel destinatari. <\/p>\n\n\n\n<p>Per a la resta, s\u00ed que es precisa del consentiment de l&#8217;interessat que es pot sol\u00b7licitar per diferents vies. En el cas que l&#8217;usuari continu\u00ef navegant al lloc web s&#8217;entendr\u00e0 atorgat, sense perjudici que en qualsevol moment podr\u00e0 revocar-lo i desactivar les cookies.<\/p>\n\n\n\n<p>\u00a0Quines cookies s&#8217;utilitzen?<\/p>\n\n\n\n<figure class=\"wp-block-table\"><table><tbody><tr><td>JCS_INENREF<\/td><td>Usat per a funcions antispam<\/td><td>Despr\u00e9s d&#8217;un curt temps o en tancar el seu navegador.\u00a0<\/td><\/tr><tr><td>JCS_INENTIM<\/td><td>Usat per a funcions antispam<\/td><td>Despr\u00e9s d&#8217;un curt temps o en tancar el seu navegador.\u00a0<\/td><\/tr><tr><td>PHPSESSID<\/td><td>Aquesta cookie s&#8217;utilitza per establir una sessi\u00f3 d&#8217;usuari i \u00e9s una refer\u00e8ncia a un ID de sessi\u00f3 \u00fanic establert pel nostre codi de lloc web (PHP). Desapareix quan finalitza la sessi\u00f3 (quan tanca el navegador)<\/td><td>Despr\u00e9s d&#8217;un curt temps o en tancar el seu navegador.\u00a0<\/td><\/tr><tr><td>wp-settings-7<\/td><td>Configuraci\u00f3n de WordPress<\/td><td>\u00a01 dia<\/td><\/tr><tr><td>wp-settings-7-time<\/td><td>Configuraci\u00f3n de WordPress<\/td><td>\u00a01 dia<\/td><\/tr><tr><td>wordpress_test_cookie<\/td><td>WordPress estableix aquesta cookie quan navega a la p\u00e0gina d&#8217;inici de sessi\u00f3. La cookie s&#8217;utilitza per verificar si el seu navegador web est\u00e0 configurat per permetre o rebutjar les cookies.<\/td><td>Despr\u00e9s d&#8217;un curt temps o en tancar el seu navegador.<\/td><\/tr><tr><td>_icl_current_language<\/td><td>Control de l&#8217; idioma seleccionat per a futures sessions<\/td><td>1 dia<\/td><\/tr><tr><td>_ga<\/td><td>Es fa servir per distingir els usuaris.<\/td><td>2 anys<\/td><\/tr><tr><td>_gid<\/td><td>Es fa servir per distingir els usuaris.<\/td><td>24 \u00a0hores<\/td><\/tr><tr><td>_gat o _dc_gtm<\/td><td>Es fa servir per limitar el percentatge de sol\u00b7licituds.<\/td><td>1\u00a0 minut<\/td><\/tr><tr><td>moove_gdpr_popup<\/td><td>S&#8217;utilitza per guardar les teves prefer\u00e8ncies de cookies.<\/td><td>1\u00a0 any<\/td><\/tr><\/tbody><\/table><\/figure>\n\n\n\n<p><strong>Revocaci\u00f3 i eliminaci\u00f3 de cookies<br><\/strong>Vost\u00e8 pot permetre, bloquejar o eliminar les cookies instal\u00b7lades en el seu equip mitjan\u00e7ant la configuraci\u00f3 de les opcions del navegador instal\u00b7lat al seu ordinador, en cas que no permeti la instal\u00b7laci\u00f3 de cookies al seu navegador \u00e9s possible que no pugui accedir a alguna de les seccions de la nostra web.<\/p>\n<\/div><\/div>\n\n<\/div><\/div>","protected":false},"excerpt":{"rendered":"<p>Qu\u00e8 s\u00f3n les cookies? Una cookie \u00e9s un fitxer que es descarrega al seu ordinador en accedir a determinades p\u00e0gines web. Les cookies permeten a una p\u00e0gina web, entre altres coses, emmagatzemar i recuperar informaci\u00f3 sobre els h\u00e0bits de navegaci\u00f3 d&#8217;un usuari o del seu equip i, depenent de la informaci\u00f3 que continguin i de&#8230;<\/p>\n","protected":false},"author":1,"featured_media":0,"parent":0,"menu_order":0,"comment_status":"closed","ping_status":"closed","template":"","meta":{"_kad_blocks_custom_css":"","_kad_blocks_head_custom_js":"","_kad_blocks_body_custom_js":"","_kad_blocks_footer_custom_js":"","_kad_post_transparent":"","_kad_post_title":"","_kad_post_layout":"","_kad_post_sidebar_id":"","_kad_post_content_style":"","_kad_post_vertical_padding":"","_kad_post_feature":"","_kad_post_feature_position":"","_kad_post_header":false,"_kad_post_footer":false,"footnotes":""},"class_list":["post-363","page","type-page","status-publish","hentry"],"yoast_head":"<!-- This site is optimized with the Yoast SEO plugin v20.7 - https:\/\/yoast.com\/wordpress\/plugins\/seo\/ -->\n<title>Pol\u00edtica de Cookies - Teorema legal<\/title>\n<meta name=\"robots\" content=\"index, follow, max-snippet:-1, max-image-preview:large, max-video-preview:-1\" \/>\n<link rel=\"canonical\" href=\"https:\/\/teoremalegal.com\/ca\/politica-de-cookies\/\" \/>\n<meta property=\"og:locale\" content=\"ca_ES\" \/>\n<meta property=\"og:type\" content=\"article\" \/>\n<meta property=\"og:title\" content=\"Pol\u00edtica de Cookies - Teorema legal\" \/>\n<meta property=\"og:description\" content=\"Qu\u00e8 s\u00f3n les cookies? Una cookie \u00e9s un fitxer que es descarrega al seu ordinador en accedir a determinades p\u00e0gines web. Les cookies permeten a una p\u00e0gina web, entre altres coses, emmagatzemar i recuperar informaci\u00f3 sobre els h\u00e0bits de navegaci\u00f3 d&#8217;un usuari o del seu equip i, depenent de la informaci\u00f3 que continguin i de...\" \/>\n<meta property=\"og:url\" content=\"https:\/\/teoremalegal.com\/ca\/politica-de-cookies\/\" \/>\n<meta property=\"og:site_name\" content=\"Teorema legal\" \/>\n<meta property=\"article:modified_time\" content=\"2023-05-11T20:19:02+00:00\" \/>\n<meta name=\"twitter:card\" content=\"summary_large_image\" \/>\n<meta name=\"twitter:label1\" content=\"Temps estimat de lectura\" \/>\n\t<meta name=\"twitter:data1\" content=\"4 minuts\" \/>\n<script type=\"application\/ld+json\" class=\"yoast-schema-graph\">{\"@context\":\"https:\/\/schema.org\",\"@graph\":[{\"@type\":\"WebPage\",\"@id\":\"https:\/\/teoremalegal.com\/ca\/politica-de-cookies\/\",\"url\":\"https:\/\/teoremalegal.com\/ca\/politica-de-cookies\/\",\"name\":\"Pol\u00edtica de Cookies - Teorema legal\",\"isPartOf\":{\"@id\":\"https:\/\/teoremalegal.com\/ca\/#website\"},\"datePublished\":\"2023-04-13T14:18:52+00:00\",\"dateModified\":\"2023-05-11T20:19:02+00:00\",\"breadcrumb\":{\"@id\":\"https:\/\/teoremalegal.com\/ca\/politica-de-cookies\/#breadcrumb\"},\"inLanguage\":\"ca\",\"potentialAction\":[{\"@type\":\"ReadAction\",\"target\":[\"https:\/\/teoremalegal.com\/ca\/politica-de-cookies\/\"]}]},{\"@type\":\"BreadcrumbList\",\"@id\":\"https:\/\/teoremalegal.com\/ca\/politica-de-cookies\/#breadcrumb\",\"itemListElement\":[{\"@type\":\"ListItem\",\"position\":1,\"name\":\"Portada\",\"item\":\"https:\/\/teoremalegal.com\/ca\/inici\/\"},{\"@type\":\"ListItem\",\"position\":2,\"name\":\"Pol\u00edtica de Cookies\"}]},{\"@type\":\"WebSite\",\"@id\":\"https:\/\/teoremalegal.com\/ca\/#website\",\"url\":\"https:\/\/teoremalegal.com\/ca\/\",\"name\":\"Teorema legal\",\"description\":\"Soluciones integrales en la tramitaci\u00f3n y gesti\u00f3n de procesos de reclamaci\u00f3n y recobro para el Sector Asegurador\",\"publisher\":{\"@id\":\"https:\/\/teoremalegal.com\/ca\/#organization\"},\"potentialAction\":[{\"@type\":\"SearchAction\",\"target\":{\"@type\":\"EntryPoint\",\"urlTemplate\":\"https:\/\/teoremalegal.com\/ca\/?s={search_term_string}\"},\"query-input\":\"required name=search_term_string\"}],\"inLanguage\":\"ca\"},{\"@type\":\"Organization\",\"@id\":\"https:\/\/teoremalegal.com\/ca\/#organization\",\"name\":\"Teorema legal\",\"url\":\"https:\/\/teoremalegal.com\/ca\/\",\"logo\":{\"@type\":\"ImageObject\",\"inLanguage\":\"ca\",\"@id\":\"https:\/\/teoremalegal.com\/ca\/#\/schema\/logo\/image\/\",\"url\":\"https:\/\/teoremalegal.com\/wp-content\/uploads\/2023\/04\/logo_teorema_legal.svg\",\"contentUrl\":\"https:\/\/teoremalegal.com\/wp-content\/uploads\/2023\/04\/logo_teorema_legal.svg\",\"width\":402,\"height\":140,\"caption\":\"Teorema legal\"},\"image\":{\"@id\":\"https:\/\/teoremalegal.com\/ca\/#\/schema\/logo\/image\/\"}}]}<\/script>\n<!-- \/ Yoast SEO plugin. -->","yoast_head_json":{"title":"Pol\u00edtica de Cookies - Teorema legal","robots":{"index":"index","follow":"follow","max-snippet":"max-snippet:-1","max-image-preview":"max-image-preview:large","max-video-preview":"max-video-preview:-1"},"canonical":"https:\/\/teoremalegal.com\/ca\/politica-de-cookies\/","og_locale":"ca_ES","og_type":"article","og_title":"Pol\u00edtica de Cookies - Teorema legal","og_description":"Qu\u00e8 s\u00f3n les cookies? Una cookie \u00e9s un fitxer que es descarrega al seu ordinador en accedir a determinades p\u00e0gines web. Les cookies permeten a una p\u00e0gina web, entre altres coses, emmagatzemar i recuperar informaci\u00f3 sobre els h\u00e0bits de navegaci\u00f3 d&#8217;un usuari o del seu equip i, depenent de la informaci\u00f3 que continguin i de...","og_url":"https:\/\/teoremalegal.com\/ca\/politica-de-cookies\/","og_site_name":"Teorema legal","article_modified_time":"2023-05-11T20:19:02+00:00","twitter_card":"summary_large_image","twitter_misc":{"Temps estimat de lectura":"4 minuts"},"schema":{"@context":"https:\/\/schema.org","@graph":[{"@type":"WebPage","@id":"https:\/\/teoremalegal.com\/ca\/politica-de-cookies\/","url":"https:\/\/teoremalegal.com\/ca\/politica-de-cookies\/","name":"Pol\u00edtica de Cookies - Teorema legal","isPartOf":{"@id":"https:\/\/teoremalegal.com\/ca\/#website"},"datePublished":"2023-04-13T14:18:52+00:00","dateModified":"2023-05-11T20:19:02+00:00","breadcrumb":{"@id":"https:\/\/teoremalegal.com\/ca\/politica-de-cookies\/#breadcrumb"},"inLanguage":"ca","potentialAction":[{"@type":"ReadAction","target":["https:\/\/teoremalegal.com\/ca\/politica-de-cookies\/"]}]},{"@type":"BreadcrumbList","@id":"https:\/\/teoremalegal.com\/ca\/politica-de-cookies\/#breadcrumb","itemListElement":[{"@type":"ListItem","position":1,"name":"Portada","item":"https:\/\/teoremalegal.com\/ca\/inici\/"},{"@type":"ListItem","position":2,"name":"Pol\u00edtica de Cookies"}]},{"@type":"WebSite","@id":"https:\/\/teoremalegal.com\/ca\/#website","url":"https:\/\/teoremalegal.com\/ca\/","name":"Teorema legal","description":"Soluciones integrales en la tramitaci\u00f3n y gesti\u00f3n de procesos de reclamaci\u00f3n y recobro para el Sector Asegurador","publisher":{"@id":"https:\/\/teoremalegal.com\/ca\/#organization"},"potentialAction":[{"@type":"SearchAction","target":{"@type":"EntryPoint","urlTemplate":"https:\/\/teoremalegal.com\/ca\/?s={search_term_string}"},"query-input":"required name=search_term_string"}],"inLanguage":"ca"},{"@type":"Organization","@id":"https:\/\/teoremalegal.com\/ca\/#organization","name":"Teorema legal","url":"https:\/\/teoremalegal.com\/ca\/","logo":{"@type":"ImageObject","inLanguage":"ca","@id":"https:\/\/teoremalegal.com\/ca\/#\/schema\/logo\/image\/","url":"https:\/\/teoremalegal.com\/wp-content\/uploads\/2023\/04\/logo_teorema_legal.svg","contentUrl":"https:\/\/teoremalegal.com\/wp-content\/uploads\/2023\/04\/logo_teorema_legal.svg","width":402,"height":140,"caption":"Teorema legal"},"image":{"@id":"https:\/\/teoremalegal.com\/ca\/#\/schema\/logo\/image\/"}}]}},"featured_image_src_large":false,"author_info":{"display_name":"admin","author_link":"https:\/\/teoremalegal.com\/ca\/author\/jordi\/"},"comment_info":0,"taxonomy_info":[],"_links":{"self":[{"href":"https:\/\/teoremalegal.com\/ca\/wp-json\/wp\/v2\/pages\/363","targetHints":{"allow":["GET"]}}],"collection":[{"href":"https:\/\/teoremalegal.com\/ca\/wp-json\/wp\/v2\/pages"}],"about":[{"href":"https:\/\/teoremalegal.com\/ca\/wp-json\/wp\/v2\/types\/page"}],"author":[{"embeddable":true,"href":"https:\/\/teoremalegal.com\/ca\/wp-json\/wp\/v2\/users\/1"}],"replies":[{"embeddable":true,"href":"https:\/\/teoremalegal.com\/ca\/wp-json\/wp\/v2\/comments?post=363"}],"version-history":[{"count":1,"href":"https:\/\/teoremalegal.com\/ca\/wp-json\/wp\/v2\/pages\/363\/revisions"}],"predecessor-version":[{"id":364,"href":"https:\/\/teoremalegal.com\/ca\/wp-json\/wp\/v2\/pages\/363\/revisions\/364"}],"wp:attachment":[{"href":"https:\/\/teoremalegal.com\/ca\/wp-json\/wp\/v2\/media?parent=363"}],"curies":[{"name":"wp","href":"https:\/\/api.w.org\/{rel}","templated":true}]}}